{"id":45,"date":"2018-04-30T17:05:29","date_gmt":"2018-04-30T16:05:29","guid":{"rendered":"http:\/\/www.ipsenmedicalinformation.com\/fr\/?page_id=45"},"modified":"2018-11-06T10:31:57","modified_gmt":"2018-11-06T10:31:57","slug":"poser-une-question-dinformation-medicale","status":"publish","type":"page","link":"https:\/\/www.ipsenmedicalinformation.com\/fr\/poser-une-question-dinformation-medicale\/","title":{"rendered":"Poser une question d\u2019Information M\u00e9dicale"},"content":{"rendered":"<p>Ipsen est une soci\u00e9t\u00e9 de biotechnologie leader au niveau mondial, focalis\u00e9e sur l\u2019am\u00e9lioration de la\u00a0qualit\u00e9 de vie gr\u00e2ce \u00e0 des traitements innovants en Oncologie, Neuroscience et Maladies Rares. Le service d\u2019Information M\u00e9dicale Ipsen a pour mission d\u2019apporter des r\u00e9ponses aux demandes concernant nos produits, en se basant sur les donn\u00e9es m\u00e9dicales les plus r\u00e9centes et fiables.<\/p>\n","protected":false},"excerpt":{"rendered":"<p>Ipsen est une soci\u00e9t\u00e9 de biotechnologie leader au niveau mondial, focalis\u00e9e sur l\u2019am\u00e9lioration de la\u00a0qualit\u00e9 de vie gr\u00e2ce \u00e0 des traitements innovants en Oncologie, Neuroscience et Maladies Rares. Le service d\u2019Information M\u00e9dicale Ipsen a pour mission d\u2019apporter des r\u00e9ponses aux demandes concernant nos produits, en se basant sur les donn\u00e9es m\u00e9dicales les plus r\u00e9centes et [&hellip;]<\/p>\n","protected":false},"author":2,"featured_media":0,"parent":0,"menu_order":0,"comment_status":"closed","ping_status":"closed","template":"medical-information_fr.php","meta":{"_acf_changed":false,"footnotes":""},"class_list":["post-45","page","type-page","status-publish","hentry"],"acf":[],"yoast_head":"<!-- This site is optimized with the Yoast SEO plugin v27.3 - https:\/\/yoast.com\/product\/yoast-seo-wordpress\/ -->\n<title>Poser une question d\u2019Information M\u00e9dicale - Ipsen Global Medical Information (GMI) - FR<\/title>\n<meta name=\"robots\" content=\"index, follow, max-snippet:-1, max-image-preview:large, max-video-preview:-1\" \/>\n<link rel=\"canonical\" href=\"https:\/\/www.ipsenmedicalinformation.com\/fr\/poser-une-question-dinformation-medicale\/\" \/>\n<meta property=\"og:locale\" content=\"en_GB\" \/>\n<meta property=\"og:type\" content=\"article\" \/>\n<meta property=\"og:title\" content=\"Poser une question d\u2019Information M\u00e9dicale - Ipsen Global Medical Information (GMI) - FR\" \/>\n<meta property=\"og:description\" content=\"Ipsen est une soci\u00e9t\u00e9 de biotechnologie leader au niveau mondial, focalis\u00e9e sur l\u2019am\u00e9lioration de la\u00a0qualit\u00e9 de vie gr\u00e2ce \u00e0 des traitements innovants en Oncologie, Neuroscience et Maladies Rares. Le service d\u2019Information M\u00e9dicale Ipsen a pour mission d\u2019apporter des r\u00e9ponses aux demandes concernant nos produits, en se basant sur les donn\u00e9es m\u00e9dicales les plus r\u00e9centes et [&hellip;]\" \/>\n<meta property=\"og:url\" content=\"https:\/\/www.ipsenmedicalinformation.com\/fr\/poser-une-question-dinformation-medicale\/\" \/>\n<meta property=\"og:site_name\" content=\"Ipsen Global Medical Information (GMI) - FR\" \/>\n<meta property=\"article:modified_time\" content=\"2018-11-06T10:31:57+00:00\" \/>\n<meta name=\"twitter:card\" content=\"summary_large_image\" \/>\n<script type=\"application\/ld+json\" class=\"yoast-schema-graph\">{\"@context\":\"https:\\\/\\\/schema.org\",\"@graph\":[{\"@type\":\"WebPage\",\"@id\":\"https:\\\/\\\/www.ipsenmedicalinformation.com\\\/fr\\\/poser-une-question-dinformation-medicale\\\/\",\"url\":\"https:\\\/\\\/www.ipsenmedicalinformation.com\\\/fr\\\/poser-une-question-dinformation-medicale\\\/\",\"name\":\"Poser une question d\u2019Information M\u00e9dicale - Ipsen Global Medical Information (GMI) - FR\",\"isPartOf\":{\"@id\":\"https:\\\/\\\/www.ipsenmedicalinformation.com\\\/fr\\\/#website\"},\"datePublished\":\"2018-04-30T16:05:29+00:00\",\"dateModified\":\"2018-11-06T10:31:57+00:00\",\"breadcrumb\":{\"@id\":\"https:\\\/\\\/www.ipsenmedicalinformation.com\\\/fr\\\/poser-une-question-dinformation-medicale\\\/#breadcrumb\"},\"inLanguage\":\"en-GB\",\"potentialAction\":[{\"@type\":\"ReadAction\",\"target\":[\"https:\\\/\\\/www.ipsenmedicalinformation.com\\\/fr\\\/poser-une-question-dinformation-medicale\\\/\"]}]},{\"@type\":\"BreadcrumbList\",\"@id\":\"https:\\\/\\\/www.ipsenmedicalinformation.com\\\/fr\\\/poser-une-question-dinformation-medicale\\\/#breadcrumb\",\"itemListElement\":[{\"@type\":\"ListItem\",\"position\":1,\"name\":\"Home\",\"item\":\"https:\\\/\\\/www.ipsenmedicalinformation.com\\\/fr\\\/\"},{\"@type\":\"ListItem\",\"position\":2,\"name\":\"Poser une question d\u2019Information M\u00e9dicale\"}]},{\"@type\":\"WebSite\",\"@id\":\"https:\\\/\\\/www.ipsenmedicalinformation.com\\\/fr\\\/#website\",\"url\":\"https:\\\/\\\/www.ipsenmedicalinformation.com\\\/fr\\\/\",\"name\":\"Ipsen Global Medical Information (GMI) - FR\",\"description\":\"Ipsen Global Medical Information (GMI)\",\"potentialAction\":[{\"@type\":\"SearchAction\",\"target\":{\"@type\":\"EntryPoint\",\"urlTemplate\":\"https:\\\/\\\/www.ipsenmedicalinformation.com\\\/fr\\\/?s={search_term_string}\"},\"query-input\":{\"@type\":\"PropertyValueSpecification\",\"valueRequired\":true,\"valueName\":\"search_term_string\"}}],\"inLanguage\":\"en-GB\"}]}<\/script>\n<!-- \/ Yoast SEO plugin. -->","yoast_head_json":{"title":"Poser une question d\u2019Information M\u00e9dicale - Ipsen Global Medical Information (GMI) - FR","robots":{"index":"index","follow":"follow","max-snippet":"max-snippet:-1","max-image-preview":"max-image-preview:large","max-video-preview":"max-video-preview:-1"},"canonical":"https:\/\/www.ipsenmedicalinformation.com\/fr\/poser-une-question-dinformation-medicale\/","og_locale":"en_GB","og_type":"article","og_title":"Poser une question d\u2019Information M\u00e9dicale - Ipsen Global Medical Information (GMI) - FR","og_description":"Ipsen est une soci\u00e9t\u00e9 de biotechnologie leader au niveau mondial, focalis\u00e9e sur l\u2019am\u00e9lioration de la\u00a0qualit\u00e9 de vie gr\u00e2ce \u00e0 des traitements innovants en Oncologie, Neuroscience et Maladies Rares. Le service d\u2019Information M\u00e9dicale Ipsen a pour mission d\u2019apporter des r\u00e9ponses aux demandes concernant nos produits, en se basant sur les donn\u00e9es m\u00e9dicales les plus r\u00e9centes et [&hellip;]","og_url":"https:\/\/www.ipsenmedicalinformation.com\/fr\/poser-une-question-dinformation-medicale\/","og_site_name":"Ipsen Global Medical Information (GMI) - FR","article_modified_time":"2018-11-06T10:31:57+00:00","twitter_card":"summary_large_image","schema":{"@context":"https:\/\/schema.org","@graph":[{"@type":"WebPage","@id":"https:\/\/www.ipsenmedicalinformation.com\/fr\/poser-une-question-dinformation-medicale\/","url":"https:\/\/www.ipsenmedicalinformation.com\/fr\/poser-une-question-dinformation-medicale\/","name":"Poser une question d\u2019Information M\u00e9dicale - Ipsen Global Medical Information (GMI) - FR","isPartOf":{"@id":"https:\/\/www.ipsenmedicalinformation.com\/fr\/#website"},"datePublished":"2018-04-30T16:05:29+00:00","dateModified":"2018-11-06T10:31:57+00:00","breadcrumb":{"@id":"https:\/\/www.ipsenmedicalinformation.com\/fr\/poser-une-question-dinformation-medicale\/#breadcrumb"},"inLanguage":"en-GB","potentialAction":[{"@type":"ReadAction","target":["https:\/\/www.ipsenmedicalinformation.com\/fr\/poser-une-question-dinformation-medicale\/"]}]},{"@type":"BreadcrumbList","@id":"https:\/\/www.ipsenmedicalinformation.com\/fr\/poser-une-question-dinformation-medicale\/#breadcrumb","itemListElement":[{"@type":"ListItem","position":1,"name":"Home","item":"https:\/\/www.ipsenmedicalinformation.com\/fr\/"},{"@type":"ListItem","position":2,"name":"Poser une question d\u2019Information M\u00e9dicale"}]},{"@type":"WebSite","@id":"https:\/\/www.ipsenmedicalinformation.com\/fr\/#website","url":"https:\/\/www.ipsenmedicalinformation.com\/fr\/","name":"Ipsen Global Medical Information (GMI) - FR","description":"Ipsen Global Medical Information (GMI)","potentialAction":[{"@type":"SearchAction","target":{"@type":"EntryPoint","urlTemplate":"https:\/\/www.ipsenmedicalinformation.com\/fr\/?s={search_term_string}"},"query-input":{"@type":"PropertyValueSpecification","valueRequired":true,"valueName":"search_term_string"}}],"inLanguage":"en-GB"}]}},"_links":{"self":[{"href":"https:\/\/www.ipsenmedicalinformation.com\/fr\/wp-json\/wp\/v2\/pages\/45","targetHints":{"allow":["GET"]}}],"collection":[{"href":"https:\/\/www.ipsenmedicalinformation.com\/fr\/wp-json\/wp\/v2\/pages"}],"about":[{"href":"https:\/\/www.ipsenmedicalinformation.com\/fr\/wp-json\/wp\/v2\/types\/page"}],"author":[{"embeddable":true,"href":"https:\/\/www.ipsenmedicalinformation.com\/fr\/wp-json\/wp\/v2\/users\/2"}],"replies":[{"embeddable":true,"href":"https:\/\/www.ipsenmedicalinformation.com\/fr\/wp-json\/wp\/v2\/comments?post=45"}],"version-history":[{"count":19,"href":"https:\/\/www.ipsenmedicalinformation.com\/fr\/wp-json\/wp\/v2\/pages\/45\/revisions"}],"predecessor-version":[{"id":254,"href":"https:\/\/www.ipsenmedicalinformation.com\/fr\/wp-json\/wp\/v2\/pages\/45\/revisions\/254"}],"wp:attachment":[{"href":"https:\/\/www.ipsenmedicalinformation.com\/fr\/wp-json\/wp\/v2\/media?parent=45"}],"curies":[{"name":"wp","href":"https:\/\/api.w.org\/{rel}","templated":true}]}}