{"id":43,"date":"2018-04-30T17:04:13","date_gmt":"2018-04-30T16:04:13","guid":{"rendered":"http:\/\/www.ipsenmedicalinformation.com\/fr\/?page_id=43"},"modified":"2018-11-06T10:33:05","modified_gmt":"2018-11-06T10:33:05","slug":"signaler-un-effet-indesirable","status":"publish","type":"page","link":"https:\/\/www.ipsenmedicalinformation.com\/fr\/signaler-un-effet-indesirable\/","title":{"rendered":"Signaler un effet ind\u00e9sirable"},"content":{"rendered":"<p>En nous signalant les effets ind\u00e9sirables des produits Ipsen, vous nous aidez \u00e0 garantir la s\u00e9curit\u00e9 de nos produits. Les renseignements que vous nous communiquez permettent \u00e0\u00a0Ipsen\u00a0de remplir ses obligations de d\u00e9claration aux\u00a0Autorit\u00e9s de Sant\u00e9, ce qui implique\u00a0que nous fournissions des informations li\u00e9es aux\u00a0effets ind\u00e9sirables notifi\u00e9s avec\u00a0nos produits.<\/p>\n","protected":false},"excerpt":{"rendered":"<p>En nous signalant les effets ind\u00e9sirables des produits Ipsen, vous nous aidez \u00e0 garantir la s\u00e9curit\u00e9 de nos produits. Les renseignements que vous nous communiquez permettent \u00e0\u00a0Ipsen\u00a0de remplir ses obligations de d\u00e9claration aux\u00a0Autorit\u00e9s de Sant\u00e9, ce qui implique\u00a0que nous fournissions des informations li\u00e9es aux\u00a0effets ind\u00e9sirables notifi\u00e9s avec\u00a0nos produits.<\/p>\n","protected":false},"author":2,"featured_media":0,"parent":0,"menu_order":0,"comment_status":"closed","ping_status":"closed","template":"adverse-event_fr.php","meta":{"_acf_changed":false,"footnotes":""},"class_list":["post-43","page","type-page","status-publish","hentry"],"acf":[],"yoast_head":"<!-- This site is optimized with the Yoast SEO plugin v27.3 - https:\/\/yoast.com\/product\/yoast-seo-wordpress\/ -->\n<title>Signaler un effet ind\u00e9sirable - Ipsen Global Medical Information (GMI) - FR<\/title>\n<meta name=\"robots\" content=\"index, follow, max-snippet:-1, max-image-preview:large, max-video-preview:-1\" \/>\n<link rel=\"canonical\" href=\"https:\/\/www.ipsenmedicalinformation.com\/fr\/signaler-un-effet-indesirable\/\" \/>\n<meta property=\"og:locale\" content=\"en_GB\" \/>\n<meta property=\"og:type\" content=\"article\" \/>\n<meta property=\"og:title\" content=\"Signaler un effet ind\u00e9sirable - Ipsen Global Medical Information (GMI) - FR\" \/>\n<meta property=\"og:description\" content=\"En nous signalant les effets ind\u00e9sirables des produits Ipsen, vous nous aidez \u00e0 garantir la s\u00e9curit\u00e9 de nos produits. Les renseignements que vous nous communiquez permettent \u00e0\u00a0Ipsen\u00a0de remplir ses obligations de d\u00e9claration aux\u00a0Autorit\u00e9s de Sant\u00e9, ce qui implique\u00a0que nous fournissions des informations li\u00e9es aux\u00a0effets ind\u00e9sirables notifi\u00e9s avec\u00a0nos produits.\" \/>\n<meta property=\"og:url\" content=\"https:\/\/www.ipsenmedicalinformation.com\/fr\/signaler-un-effet-indesirable\/\" \/>\n<meta property=\"og:site_name\" content=\"Ipsen Global Medical Information (GMI) - FR\" \/>\n<meta property=\"article:modified_time\" content=\"2018-11-06T10:33:05+00:00\" \/>\n<meta name=\"twitter:card\" content=\"summary_large_image\" \/>\n<script type=\"application\/ld+json\" class=\"yoast-schema-graph\">{\"@context\":\"https:\\\/\\\/schema.org\",\"@graph\":[{\"@type\":\"WebPage\",\"@id\":\"https:\\\/\\\/www.ipsenmedicalinformation.com\\\/fr\\\/signaler-un-effet-indesirable\\\/\",\"url\":\"https:\\\/\\\/www.ipsenmedicalinformation.com\\\/fr\\\/signaler-un-effet-indesirable\\\/\",\"name\":\"Signaler un effet ind\u00e9sirable - Ipsen Global Medical Information (GMI) - FR\",\"isPartOf\":{\"@id\":\"https:\\\/\\\/www.ipsenmedicalinformation.com\\\/fr\\\/#website\"},\"datePublished\":\"2018-04-30T16:04:13+00:00\",\"dateModified\":\"2018-11-06T10:33:05+00:00\",\"breadcrumb\":{\"@id\":\"https:\\\/\\\/www.ipsenmedicalinformation.com\\\/fr\\\/signaler-un-effet-indesirable\\\/#breadcrumb\"},\"inLanguage\":\"en-GB\",\"potentialAction\":[{\"@type\":\"ReadAction\",\"target\":[\"https:\\\/\\\/www.ipsenmedicalinformation.com\\\/fr\\\/signaler-un-effet-indesirable\\\/\"]}]},{\"@type\":\"BreadcrumbList\",\"@id\":\"https:\\\/\\\/www.ipsenmedicalinformation.com\\\/fr\\\/signaler-un-effet-indesirable\\\/#breadcrumb\",\"itemListElement\":[{\"@type\":\"ListItem\",\"position\":1,\"name\":\"Home\",\"item\":\"https:\\\/\\\/www.ipsenmedicalinformation.com\\\/fr\\\/\"},{\"@type\":\"ListItem\",\"position\":2,\"name\":\"Signaler un effet ind\u00e9sirable\"}]},{\"@type\":\"WebSite\",\"@id\":\"https:\\\/\\\/www.ipsenmedicalinformation.com\\\/fr\\\/#website\",\"url\":\"https:\\\/\\\/www.ipsenmedicalinformation.com\\\/fr\\\/\",\"name\":\"Ipsen Global Medical Information (GMI) - FR\",\"description\":\"Ipsen Global Medical Information (GMI)\",\"potentialAction\":[{\"@type\":\"SearchAction\",\"target\":{\"@type\":\"EntryPoint\",\"urlTemplate\":\"https:\\\/\\\/www.ipsenmedicalinformation.com\\\/fr\\\/?s={search_term_string}\"},\"query-input\":{\"@type\":\"PropertyValueSpecification\",\"valueRequired\":true,\"valueName\":\"search_term_string\"}}],\"inLanguage\":\"en-GB\"}]}<\/script>\n<!-- \/ Yoast SEO plugin. -->","yoast_head_json":{"title":"Signaler un effet ind\u00e9sirable - Ipsen Global Medical Information (GMI) - FR","robots":{"index":"index","follow":"follow","max-snippet":"max-snippet:-1","max-image-preview":"max-image-preview:large","max-video-preview":"max-video-preview:-1"},"canonical":"https:\/\/www.ipsenmedicalinformation.com\/fr\/signaler-un-effet-indesirable\/","og_locale":"en_GB","og_type":"article","og_title":"Signaler un effet ind\u00e9sirable - Ipsen Global Medical Information (GMI) - FR","og_description":"En nous signalant les effets ind\u00e9sirables des produits Ipsen, vous nous aidez \u00e0 garantir la s\u00e9curit\u00e9 de nos produits. Les renseignements que vous nous communiquez permettent \u00e0\u00a0Ipsen\u00a0de remplir ses obligations de d\u00e9claration aux\u00a0Autorit\u00e9s de Sant\u00e9, ce qui implique\u00a0que nous fournissions des informations li\u00e9es aux\u00a0effets ind\u00e9sirables notifi\u00e9s avec\u00a0nos produits.","og_url":"https:\/\/www.ipsenmedicalinformation.com\/fr\/signaler-un-effet-indesirable\/","og_site_name":"Ipsen Global Medical Information (GMI) - FR","article_modified_time":"2018-11-06T10:33:05+00:00","twitter_card":"summary_large_image","schema":{"@context":"https:\/\/schema.org","@graph":[{"@type":"WebPage","@id":"https:\/\/www.ipsenmedicalinformation.com\/fr\/signaler-un-effet-indesirable\/","url":"https:\/\/www.ipsenmedicalinformation.com\/fr\/signaler-un-effet-indesirable\/","name":"Signaler un effet ind\u00e9sirable - Ipsen Global Medical Information (GMI) - FR","isPartOf":{"@id":"https:\/\/www.ipsenmedicalinformation.com\/fr\/#website"},"datePublished":"2018-04-30T16:04:13+00:00","dateModified":"2018-11-06T10:33:05+00:00","breadcrumb":{"@id":"https:\/\/www.ipsenmedicalinformation.com\/fr\/signaler-un-effet-indesirable\/#breadcrumb"},"inLanguage":"en-GB","potentialAction":[{"@type":"ReadAction","target":["https:\/\/www.ipsenmedicalinformation.com\/fr\/signaler-un-effet-indesirable\/"]}]},{"@type":"BreadcrumbList","@id":"https:\/\/www.ipsenmedicalinformation.com\/fr\/signaler-un-effet-indesirable\/#breadcrumb","itemListElement":[{"@type":"ListItem","position":1,"name":"Home","item":"https:\/\/www.ipsenmedicalinformation.com\/fr\/"},{"@type":"ListItem","position":2,"name":"Signaler un effet ind\u00e9sirable"}]},{"@type":"WebSite","@id":"https:\/\/www.ipsenmedicalinformation.com\/fr\/#website","url":"https:\/\/www.ipsenmedicalinformation.com\/fr\/","name":"Ipsen Global Medical Information (GMI) - FR","description":"Ipsen Global Medical Information (GMI)","potentialAction":[{"@type":"SearchAction","target":{"@type":"EntryPoint","urlTemplate":"https:\/\/www.ipsenmedicalinformation.com\/fr\/?s={search_term_string}"},"query-input":{"@type":"PropertyValueSpecification","valueRequired":true,"valueName":"search_term_string"}}],"inLanguage":"en-GB"}]}},"_links":{"self":[{"href":"https:\/\/www.ipsenmedicalinformation.com\/fr\/wp-json\/wp\/v2\/pages\/43","targetHints":{"allow":["GET"]}}],"collection":[{"href":"https:\/\/www.ipsenmedicalinformation.com\/fr\/wp-json\/wp\/v2\/pages"}],"about":[{"href":"https:\/\/www.ipsenmedicalinformation.com\/fr\/wp-json\/wp\/v2\/types\/page"}],"author":[{"embeddable":true,"href":"https:\/\/www.ipsenmedicalinformation.com\/fr\/wp-json\/wp\/v2\/users\/2"}],"replies":[{"embeddable":true,"href":"https:\/\/www.ipsenmedicalinformation.com\/fr\/wp-json\/wp\/v2\/comments?post=43"}],"version-history":[{"count":13,"href":"https:\/\/www.ipsenmedicalinformation.com\/fr\/wp-json\/wp\/v2\/pages\/43\/revisions"}],"predecessor-version":[{"id":255,"href":"https:\/\/www.ipsenmedicalinformation.com\/fr\/wp-json\/wp\/v2\/pages\/43\/revisions\/255"}],"wp:attachment":[{"href":"https:\/\/www.ipsenmedicalinformation.com\/fr\/wp-json\/wp\/v2\/media?parent=43"}],"curies":[{"name":"wp","href":"https:\/\/api.w.org\/{rel}","templated":true}]}}