{"id":34,"date":"2018-04-30T16:52:08","date_gmt":"2018-04-30T15:52:08","guid":{"rendered":"http:\/\/www.ipsenmedicalinformation.com\/fr\/?page_id=34"},"modified":"2026-04-11T02:09:14","modified_gmt":"2026-04-11T01:09:14","slug":"home","status":"publish","type":"page","link":"https:\/\/www.ipsenmedicalinformation.com\/fr\/","title":{"rendered":"Home"},"content":{"rendered":"<h1 style=\"text-align: center;\">Information M\u00e9dicale Ipsen<\/h1>\n<p style=\"text-align: center;\">Ipsen est une soci\u00e9t\u00e9 de biotechnologie leader au niveau mondial, focalis\u00e9e sur l\u2019am\u00e9lioration de la qualit\u00e9 de vie gr\u00e2ce \u00e0 des traitements innovants en Oncologie, Neuroscience et Maladies Rares. Le service d\u2019Information M\u00e9dicale Ipsen a pour mission d\u2019apporter des r\u00e9ponses aux demandes concernant nos produits, en se basant sur les donn\u00e9es m\u00e9dicales les plus r\u00e9centes et fiables.<\/p>\n","protected":false},"excerpt":{"rendered":"<p>Information M\u00e9dicale Ipsen Ipsen est une soci\u00e9t\u00e9 de biotechnologie leader au niveau mondial, focalis\u00e9e sur l\u2019am\u00e9lioration de la qualit\u00e9 de vie gr\u00e2ce \u00e0 des traitements innovants en Oncologie, Neuroscience et Maladies Rares. Le service d\u2019Information M\u00e9dicale Ipsen a pour mission d\u2019apporter des r\u00e9ponses aux demandes concernant nos produits, en se basant sur les donn\u00e9es m\u00e9dicales [&hellip;]<\/p>\n","protected":false},"author":2,"featured_media":0,"parent":0,"menu_order":0,"comment_status":"closed","ping_status":"closed","template":"","meta":{"_acf_changed":false,"footnotes":""},"class_list":["post-34","page","type-page","status-publish","hentry"],"acf":[],"yoast_head":"<!-- This site is optimized with the Yoast SEO plugin v27.3 - https:\/\/yoast.com\/product\/yoast-seo-wordpress\/ -->\n<title>Home - Ipsen Global Medical Information (GMI) - FR<\/title>\n<meta name=\"robots\" content=\"index, follow, max-snippet:-1, max-image-preview:large, max-video-preview:-1\" \/>\n<link rel=\"canonical\" href=\"https:\/\/www.ipsenmedicalinformation.com\/fr\/\" \/>\n<meta property=\"og:locale\" content=\"en_GB\" \/>\n<meta property=\"og:type\" content=\"article\" \/>\n<meta property=\"og:title\" content=\"Home - Ipsen Global Medical Information (GMI) - FR\" \/>\n<meta property=\"og:description\" content=\"Information M\u00e9dicale Ipsen Ipsen est une soci\u00e9t\u00e9 de biotechnologie leader au niveau mondial, focalis\u00e9e sur l\u2019am\u00e9lioration de la qualit\u00e9 de vie gr\u00e2ce \u00e0 des traitements innovants en Oncologie, Neuroscience et Maladies Rares. Le service d\u2019Information M\u00e9dicale Ipsen a pour mission d\u2019apporter des r\u00e9ponses aux demandes concernant nos produits, en se basant sur les donn\u00e9es m\u00e9dicales [&hellip;]\" \/>\n<meta property=\"og:url\" content=\"https:\/\/www.ipsenmedicalinformation.com\/fr\/\" \/>\n<meta property=\"og:site_name\" content=\"Ipsen Global Medical Information (GMI) - FR\" \/>\n<meta property=\"article:modified_time\" content=\"2026-04-11T01:09:14+00:00\" \/>\n<meta name=\"twitter:card\" content=\"summary_large_image\" \/>\n<meta name=\"twitter:label1\" content=\"Estimated reading time\" \/>\n\t<meta name=\"twitter:data1\" content=\"1 minute\" \/>\n<script type=\"application\/ld+json\" class=\"yoast-schema-graph\">{\"@context\":\"https:\\\/\\\/schema.org\",\"@graph\":[{\"@type\":\"WebPage\",\"@id\":\"https:\\\/\\\/www.ipsenmedicalinformation.com\\\/fr\\\/\",\"url\":\"https:\\\/\\\/www.ipsenmedicalinformation.com\\\/fr\\\/\",\"name\":\"Home - Ipsen Global Medical Information (GMI) - FR\",\"isPartOf\":{\"@id\":\"https:\\\/\\\/www.ipsenmedicalinformation.com\\\/fr\\\/#website\"},\"datePublished\":\"2018-04-30T15:52:08+00:00\",\"dateModified\":\"2026-04-11T01:09:14+00:00\",\"breadcrumb\":{\"@id\":\"https:\\\/\\\/www.ipsenmedicalinformation.com\\\/fr\\\/#breadcrumb\"},\"inLanguage\":\"en-GB\",\"potentialAction\":[{\"@type\":\"ReadAction\",\"target\":[\"https:\\\/\\\/www.ipsenmedicalinformation.com\\\/fr\\\/\"]}]},{\"@type\":\"BreadcrumbList\",\"@id\":\"https:\\\/\\\/www.ipsenmedicalinformation.com\\\/fr\\\/#breadcrumb\",\"itemListElement\":[{\"@type\":\"ListItem\",\"position\":1,\"name\":\"Home\",\"item\":\"https:\\\/\\\/www.ipsenmedicalinformation.com\\\/fr\\\/\"},{\"@type\":\"ListItem\",\"position\":2,\"name\":\"Home\"}]},{\"@type\":\"WebSite\",\"@id\":\"https:\\\/\\\/www.ipsenmedicalinformation.com\\\/fr\\\/#website\",\"url\":\"https:\\\/\\\/www.ipsenmedicalinformation.com\\\/fr\\\/\",\"name\":\"Ipsen Global Medical Information (GMI) - FR\",\"description\":\"Ipsen Global Medical Information (GMI)\",\"potentialAction\":[{\"@type\":\"SearchAction\",\"target\":{\"@type\":\"EntryPoint\",\"urlTemplate\":\"https:\\\/\\\/www.ipsenmedicalinformation.com\\\/fr\\\/?s={search_term_string}\"},\"query-input\":{\"@type\":\"PropertyValueSpecification\",\"valueRequired\":true,\"valueName\":\"search_term_string\"}}],\"inLanguage\":\"en-GB\"}]}<\/script>\n<!-- \/ Yoast SEO plugin. -->","yoast_head_json":{"title":"Home - Ipsen Global Medical Information (GMI) - FR","robots":{"index":"index","follow":"follow","max-snippet":"max-snippet:-1","max-image-preview":"max-image-preview:large","max-video-preview":"max-video-preview:-1"},"canonical":"https:\/\/www.ipsenmedicalinformation.com\/fr\/","og_locale":"en_GB","og_type":"article","og_title":"Home - Ipsen Global Medical Information (GMI) - FR","og_description":"Information M\u00e9dicale Ipsen Ipsen est une soci\u00e9t\u00e9 de biotechnologie leader au niveau mondial, focalis\u00e9e sur l\u2019am\u00e9lioration de la qualit\u00e9 de vie gr\u00e2ce \u00e0 des traitements innovants en Oncologie, Neuroscience et Maladies Rares. Le service d\u2019Information M\u00e9dicale Ipsen a pour mission d\u2019apporter des r\u00e9ponses aux demandes concernant nos produits, en se basant sur les donn\u00e9es m\u00e9dicales [&hellip;]","og_url":"https:\/\/www.ipsenmedicalinformation.com\/fr\/","og_site_name":"Ipsen Global Medical Information (GMI) - FR","article_modified_time":"2026-04-11T01:09:14+00:00","twitter_card":"summary_large_image","twitter_misc":{"Estimated reading time":"1 minute"},"schema":{"@context":"https:\/\/schema.org","@graph":[{"@type":"WebPage","@id":"https:\/\/www.ipsenmedicalinformation.com\/fr\/","url":"https:\/\/www.ipsenmedicalinformation.com\/fr\/","name":"Home - Ipsen Global Medical Information (GMI) - FR","isPartOf":{"@id":"https:\/\/www.ipsenmedicalinformation.com\/fr\/#website"},"datePublished":"2018-04-30T15:52:08+00:00","dateModified":"2026-04-11T01:09:14+00:00","breadcrumb":{"@id":"https:\/\/www.ipsenmedicalinformation.com\/fr\/#breadcrumb"},"inLanguage":"en-GB","potentialAction":[{"@type":"ReadAction","target":["https:\/\/www.ipsenmedicalinformation.com\/fr\/"]}]},{"@type":"BreadcrumbList","@id":"https:\/\/www.ipsenmedicalinformation.com\/fr\/#breadcrumb","itemListElement":[{"@type":"ListItem","position":1,"name":"Home","item":"https:\/\/www.ipsenmedicalinformation.com\/fr\/"},{"@type":"ListItem","position":2,"name":"Home"}]},{"@type":"WebSite","@id":"https:\/\/www.ipsenmedicalinformation.com\/fr\/#website","url":"https:\/\/www.ipsenmedicalinformation.com\/fr\/","name":"Ipsen Global Medical Information (GMI) - FR","description":"Ipsen Global Medical Information (GMI)","potentialAction":[{"@type":"SearchAction","target":{"@type":"EntryPoint","urlTemplate":"https:\/\/www.ipsenmedicalinformation.com\/fr\/?s={search_term_string}"},"query-input":{"@type":"PropertyValueSpecification","valueRequired":true,"valueName":"search_term_string"}}],"inLanguage":"en-GB"}]}},"_links":{"self":[{"href":"https:\/\/www.ipsenmedicalinformation.com\/fr\/wp-json\/wp\/v2\/pages\/34","targetHints":{"allow":["GET"]}}],"collection":[{"href":"https:\/\/www.ipsenmedicalinformation.com\/fr\/wp-json\/wp\/v2\/pages"}],"about":[{"href":"https:\/\/www.ipsenmedicalinformation.com\/fr\/wp-json\/wp\/v2\/types\/page"}],"author":[{"embeddable":true,"href":"https:\/\/www.ipsenmedicalinformation.com\/fr\/wp-json\/wp\/v2\/users\/2"}],"replies":[{"embeddable":true,"href":"https:\/\/www.ipsenmedicalinformation.com\/fr\/wp-json\/wp\/v2\/comments?post=34"}],"version-history":[{"count":74,"href":"https:\/\/www.ipsenmedicalinformation.com\/fr\/wp-json\/wp\/v2\/pages\/34\/revisions"}],"predecessor-version":[{"id":443,"href":"https:\/\/www.ipsenmedicalinformation.com\/fr\/wp-json\/wp\/v2\/pages\/34\/revisions\/443"}],"wp:attachment":[{"href":"https:\/\/www.ipsenmedicalinformation.com\/fr\/wp-json\/wp\/v2\/media?parent=34"}],"curies":[{"name":"wp","href":"https:\/\/api.w.org\/{rel}","templated":true}]}}